{"id":269,"date":"2023-12-11T03:23:42","date_gmt":"2023-12-11T03:23:42","guid":{"rendered":"https:\/\/msuv.org\/?page_id=269"},"modified":"2024-04-16T09:30:53","modified_gmt":"2024-04-16T09:30:53","slug":"podrska","status":"publish","type":"page","link":"https:\/\/msuv.org\/en\/podrska\/","title":{"rendered":"Supporters"},"content":{"rendered":"\t\t<div data-elementor-type=\"wp-page\" data-elementor-id=\"269\" class=\"elementor elementor-269\" data-elementor-post-type=\"page\">\n\t\t\t\t<div class=\"elementor-element elementor-element-0ad0899 e-con-full e-flex e-con e-parent\" data-id=\"0ad0899\" data-element_type=\"container\" data-e-type=\"container\" data-settings=\"{&quot;background_background&quot;:&quot;classic&quot;}\">\n\t\t\t\t<div class=\"elementor-element elementor-element-86dbb87 elementor-grid-1 e-grid-align-left elementor-widget__width-auto elementor-fixed elementor-hidden-mobile elementor-hidden-tablet elementor-shape-rounded elementor-widget elementor-widget-social-icons\" data-id=\"86dbb87\" data-element_type=\"widget\" data-e-type=\"widget\" data-settings=\"{&quot;_position&quot;:&quot;fixed&quot;,&quot;motion_fx_opacity_range&quot;:{&quot;unit&quot;:&quot;%&quot;,&quot;size&quot;:&quot;&quot;,&quot;sizes&quot;:{&quot;start&quot;:15,&quot;end&quot;:22}},&quot;motion_fx_motion_fx_scrolling&quot;:&quot;yes&quot;,&quot;motion_fx_opacity_effect&quot;:&quot;yes&quot;,&quot;motion_fx_opacity_direction&quot;:&quot;out-in&quot;,&quot;motion_fx_opacity_level&quot;:{&quot;unit&quot;:&quot;px&quot;,&quot;size&quot;:10,&quot;sizes&quot;:[]},&quot;motion_fx_devices&quot;:[&quot;widescreen&quot;,&quot;desktop&quot;,&quot;laptop&quot;,&quot;tablet&quot;,&quot;mobile&quot;]}\" data-widget_type=\"social-icons.default\">\n\t\t\t\t<div class=\"elementor-widget-container\">\n\t\t\t\t\t\t\t<div class=\"elementor-social-icons-wrapper elementor-grid\" role=\"list\">\n\t\t\t\t\t\t\t<span class=\"elementor-grid-item\" role=\"listitem\">\n\t\t\t\t\t<a class=\"elementor-icon elementor-social-icon elementor-social-icon-instagram icon elementor-animation-grow elementor-repeater-item-256705b\" href=\"https:\/\/www.instagram.com\/msuv_novisad\/\" target=\"_blank\">\n\t\t\t\t\t\t<span class=\"elementor-screen-only\">Instagram Icon<\/span>\n\t\t\t\t\t\t<svg xmlns=\"http:\/\/www.w3.org\/2000\/svg\" xmlns:xlink=\"http:\/\/www.w3.org\/1999\/xlink\" id=\"Layer_1\" x=\"0px\" y=\"0px\" viewBox=\"0 0 511.03 511.03\" style=\"enable-background:new 0 0 511.03 511.03;\" xml:space=\"preserve\"><g>\t<path d=\"M499.86,255.47c0,44.86,0.19,89.72-0.05,134.57c-0.29,53.51-35.46,96.73-87.49,107.59c-7.41,1.55-15.15,2.1-22.73,2.11  c-89.35,0.14-178.7,0.22-268.05,0.04c-53.85-0.11-97.34-35.37-108.2-87.48c-1.51-7.22-2.08-14.76-2.09-22.16  c-0.14-89.72-0.25-179.43-0.03-269.15c0.13-53.37,35.55-96.77,87.5-107.6c7.41-1.54,15.15-2.09,22.73-2.1  c89.35-0.14,178.7-0.21,268.05-0.05c53.83,0.1,97.32,35.29,108.15,87.5c1.69,8.14,2.09,16.66,2.13,25.01  C499.97,167.66,499.86,211.56,499.86,255.47z M413.8,255.59c0.05-87.24-70.54-158.03-157.81-158.26  C168.43,97.09,97.4,167.73,97.22,255.2c-0.18,87.45,70.63,158.47,158.1,158.56C342.83,413.86,413.75,343.08,413.8,255.59z   M450.64,92.52c-0.03-18.6-14.87-33.45-33.42-33.44c-18.52,0.01-33.41,14.89-33.44,33.43c-0.03,18.42,15.02,33.49,33.44,33.48  C435.73,125.98,450.67,111.01,450.64,92.52z\"><\/path>\t<path d=\"M345.15,255.31c0.11,49.55-39.66,89.6-89.23,89.84c-49.73,0.25-89.96-39.86-89.96-89.66c0.01-49.58,39.9-89.49,89.49-89.51  C305.06,165.95,345.04,205.76,345.15,255.31z\"><\/path><\/g><\/svg>\t\t\t\t\t<\/a>\n\t\t\t\t<\/span>\n\t\t\t\t\t\t\t<span class=\"elementor-grid-item\" role=\"listitem\">\n\t\t\t\t\t<a class=\"elementor-icon elementor-social-icon elementor-social-icon-facebook elementor-animation-grow elementor-repeater-item-fdd3169\" href=\"https:\/\/www.facebook.com\/MsuvNoviSad\/\" target=\"_blank\">\n\t\t\t\t\t\t<span class=\"elementor-screen-only\">Facebook<\/span>\n\t\t\t\t\t\t<svg aria-hidden=\"true\" class=\"e-font-icon-svg e-fab-facebook\" viewBox=\"0 0 512 512\" xmlns=\"http:\/\/www.w3.org\/2000\/svg\"><path d=\"M504 256C504 119 393 8 256 8S8 119 8 256c0 123.78 90.69 226.38 209.25 245V327.69h-63V256h63v-54.64c0-62.15 37-96.48 93.67-96.48 27.14 0 55.52 4.84 55.52 4.84v61h-31.28c-30.8 0-40.41 19.12-40.41 38.73V256h68.78l-11 71.69h-57.78V501C413.31 482.38 504 379.78 504 256z\"><\/path><\/svg>\t\t\t\t\t<\/a>\n\t\t\t\t<\/span>\n\t\t\t\t\t\t\t<span class=\"elementor-grid-item\" role=\"listitem\">\n\t\t\t\t\t<a class=\"elementor-icon elementor-social-icon elementor-social-icon-youtube elementor-animation-grow elementor-repeater-item-64aa097\" href=\"https:\/\/www.youtube.com\/@MSUV_NoviSad\" target=\"_blank\">\n\t\t\t\t\t\t<span class=\"elementor-screen-only\">Youtube<\/span>\n\t\t\t\t\t\t<svg aria-hidden=\"true\" class=\"e-font-icon-svg e-fab-youtube\" viewBox=\"0 0 576 512\" xmlns=\"http:\/\/www.w3.org\/2000\/svg\"><path d=\"M549.655 124.083c-6.281-23.65-24.787-42.276-48.284-48.597C458.781 64 288 64 288 64S117.22 64 74.629 75.486c-23.497 6.322-42.003 24.947-48.284 48.597-11.412 42.867-11.412 132.305-11.412 132.305s0 89.438 11.412 132.305c6.281 23.65 24.787 41.5 48.284 47.821C117.22 448 288 448 288 448s170.78 0 213.371-11.486c23.497-6.321 42.003-24.171 48.284-47.821 11.412-42.867 11.412-132.305 11.412-132.305s0-89.438-11.412-132.305zm-317.51 213.508V175.185l142.739 81.205-142.739 81.201z\"><\/path><\/svg>\t\t\t\t\t<\/a>\n\t\t\t\t<\/span>\n\t\t\t\t\t<\/div>\n\t\t\t\t\t\t<\/div>\n\t\t\t\t<\/div>\n\t\t\t\t<\/div>\n\t\t<div class=\"elementor-element elementor-element-1a5be44 e-con-full e-flex e-con e-parent\" data-id=\"1a5be44\" data-element_type=\"container\" data-e-type=\"container\" data-settings=\"{&quot;background_background&quot;:&quot;classic&quot;}\">\n\t\t\t\t<div class=\"elementor-element elementor-element-a76ce33 elementor-widget elementor-widget-heading\" data-id=\"a76ce33\" data-element_type=\"widget\" data-e-type=\"widget\" data-widget_type=\"heading.default\">\n\t\t\t\t<div class=\"elementor-widget-container\">\n\t\t\t\t\t<h2 class=\"elementor-heading-title elementor-size-default\">Osniva\u010d i pokrovitelj:<\/h2>\t\t\t\t<\/div>\n\t\t\t\t<\/div>\n\t\t\t\t<\/div>\n\t\t<div class=\"elementor-element elementor-element-e01e813 e-con-full e-flex e-con e-parent\" data-id=\"e01e813\" data-element_type=\"container\" data-e-type=\"container\" data-settings=\"{&quot;background_background&quot;:&quot;classic&quot;}\">\n\t\t<div class=\"elementor-element elementor-element-834c930 e-con-full e-flex e-con e-child\" data-id=\"834c930\" data-element_type=\"container\" data-e-type=\"container\">\n\t\t<div class=\"elementor-element elementor-element-3c19164 e-con-full e-flex e-con e-child\" data-id=\"3c19164\" data-element_type=\"container\" data-e-type=\"container\">\n\t\t\t\t<div class=\"elementor-element elementor-element-fe90951 elementor-widget elementor-widget-image\" data-id=\"fe90951\" data-element_type=\"widget\" data-e-type=\"widget\" data-widget_type=\"image.default\">\n\t\t\t\t<div class=\"elementor-widget-container\">\n\t\t\t\t\t\t\t\t\t\t\t\t\t\t\t\t<a href=\"https:\/\/www.vojvodina.gov.rs\/\" target=\"_blank\">\n\t\t\t\t\t\t\t<img fetchpriority=\"high\" decoding=\"async\" width=\"697\" height=\"145\" src=\"https:\/\/msuv.org\/wp-content\/uploads\/2023\/12\/podrska.png\" class=\"attachment-large size-large wp-image-284\" alt=\"republika srbija, autonomna pokrajina vojvodina - pokrajinska vlada\" srcset=\"https:\/\/msuv.org\/wp-content\/uploads\/2023\/12\/podrska.png 697w, https:\/\/msuv.org\/wp-content\/uploads\/2023\/12\/podrska-300x62.png 300w\" sizes=\"(max-width: 697px) 100vw, 697px\" \/>\t\t\t\t\t\t\t\t<\/a>\n\t\t\t\t\t\t\t\t\t\t\t\t\t\t\t<\/div>\n\t\t\t\t<\/div>\n\t\t\t\t<\/div>\n\t\t\t\t<\/div>\n\t\t\t\t<\/div>\n\t\t<div class=\"elementor-element elementor-element-956ce61 e-con-full e-flex e-con e-parent\" data-id=\"956ce61\" data-element_type=\"container\" data-e-type=\"container\" data-settings=\"{&quot;background_background&quot;:&quot;classic&quot;}\">\n\t\t\t\t<div class=\"elementor-element elementor-element-131625d elementor-widget elementor-widget-heading\" data-id=\"131625d\" data-element_type=\"widget\" data-e-type=\"widget\" data-widget_type=\"heading.default\">\n\t\t\t\t<div class=\"elementor-widget-container\">\n\t\t\t\t\t<h2 class=\"elementor-heading-title elementor-size-default\">Podr\u0161ka:<\/h2>\t\t\t\t<\/div>\n\t\t\t\t<\/div>\n\t\t\t\t<\/div>\n\t\t<div class=\"elementor-element elementor-element-0c0ba9b e-con-full e-flex e-con e-parent\" data-id=\"0c0ba9b\" data-element_type=\"container\" data-e-type=\"container\" data-settings=\"{&quot;background_background&quot;:&quot;classic&quot;}\">\n\t\t<div class=\"elementor-element elementor-element-0a301c1 e-con-full e-flex e-con e-child\" data-id=\"0a301c1\" data-element_type=\"container\" data-e-type=\"container\">\n\t\t<div class=\"elementor-element elementor-element-e467b3c e-con-full e-flex e-con e-child\" data-id=\"e467b3c\" data-element_type=\"container\" data-e-type=\"container\">\n\t\t\t\t<div class=\"elementor-element elementor-element-e93ba66 elementor-widget elementor-widget-image\" data-id=\"e93ba66\" data-element_type=\"widget\" data-e-type=\"widget\" data-widget_type=\"image.default\">\n\t\t\t\t<div class=\"elementor-widget-container\">\n\t\t\t\t\t\t\t\t\t\t\t\t\t\t\t\t<a href=\"https:\/\/www.kultura.gov.rs\/\" target=\"_blank\">\n\t\t\t\t\t\t\t<img decoding=\"async\" width=\"205\" height=\"106\" src=\"https:\/\/msuv.org\/wp-content\/uploads\/2023\/12\/Group-14.png\" class=\"attachment-large size-large wp-image-293\" alt=\"Republika Srbija - Ministarstvo kulture logo\" \/>\t\t\t\t\t\t\t\t<\/a>\n\t\t\t\t\t\t\t\t\t\t\t\t\t\t\t<\/div>\n\t\t\t\t<\/div>\n\t\t\t\t<\/div>\n\t\t<div class=\"elementor-element elementor-element-3a3bb4c e-con-full e-flex e-con e-child\" data-id=\"3a3bb4c\" data-element_type=\"container\" data-e-type=\"container\">\n\t\t\t\t<div class=\"elementor-element elementor-element-56b317e elementor-widget elementor-widget-image\" data-id=\"56b317e\" data-element_type=\"widget\" data-e-type=\"widget\" data-widget_type=\"image.default\">\n\t\t\t\t<div class=\"elementor-widget-container\">\n\t\t\t\t\t\t\t\t\t\t\t\t\t\t\t\t<a href=\"https:\/\/culture.ec.europa.eu\/creative-europe\/creative-europe-media-strand\" target=\"_blank\">\n\t\t\t\t\t\t\t<img decoding=\"async\" width=\"800\" height=\"266\" src=\"https:\/\/msuv.org\/wp-content\/uploads\/2023\/12\/EU-flag-Crea-EU-MEDIA-EN-1024x341.png\" class=\"attachment-large size-large wp-image-292\" alt=\"EU flag-Creative EUROPE MEDIA\" srcset=\"https:\/\/msuv.org\/wp-content\/uploads\/2023\/12\/EU-flag-Crea-EU-MEDIA-EN-1024x341.png 1024w, https:\/\/msuv.org\/wp-content\/uploads\/2023\/12\/EU-flag-Crea-EU-MEDIA-EN-300x100.png 300w, https:\/\/msuv.org\/wp-content\/uploads\/2023\/12\/EU-flag-Crea-EU-MEDIA-EN-768x256.png 768w, https:\/\/msuv.org\/wp-content\/uploads\/2023\/12\/EU-flag-Crea-EU-MEDIA-EN-1536x512.png 1536w, https:\/\/msuv.org\/wp-content\/uploads\/2023\/12\/EU-flag-Crea-EU-MEDIA-EN-2048x683.png 2048w\" sizes=\"(max-width: 800px) 100vw, 800px\" \/>\t\t\t\t\t\t\t\t<\/a>\n\t\t\t\t\t\t\t\t\t\t\t\t\t\t\t<\/div>\n\t\t\t\t<\/div>\n\t\t\t\t<\/div>\n\t\t<div class=\"elementor-element elementor-element-2eaf085 e-con-full e-flex e-con e-child\" data-id=\"2eaf085\" data-element_type=\"container\" data-e-type=\"container\">\n\t\t\t\t<div class=\"elementor-element elementor-element-def9701 elementor-widget elementor-widget-image\" data-id=\"def9701\" data-element_type=\"widget\" data-e-type=\"widget\" data-widget_type=\"image.default\">\n\t\t\t\t<div class=\"elementor-widget-container\">\n\t\t\t\t\t\t\t\t\t\t\t\t\t\t\t\t<a href=\"http:\/\/www.institutfrancais.rs\/\" target=\"_blank\">\n\t\t\t\t\t\t\t<img loading=\"lazy\" decoding=\"async\" width=\"800\" height=\"288\" src=\"https:\/\/msuv.org\/wp-content\/uploads\/2023\/12\/IFS-marqueG_BLUE-1024x368.png\" class=\"attachment-large size-large wp-image-290\" alt=\"Francuska ambasada u Srbiji\" srcset=\"https:\/\/msuv.org\/wp-content\/uploads\/2023\/12\/IFS-marqueG_BLUE-1024x368.png 1024w, https:\/\/msuv.org\/wp-content\/uploads\/2023\/12\/IFS-marqueG_BLUE-300x108.png 300w, https:\/\/msuv.org\/wp-content\/uploads\/2023\/12\/IFS-marqueG_BLUE-768x276.png 768w, https:\/\/msuv.org\/wp-content\/uploads\/2023\/12\/IFS-marqueG_BLUE.png 1239w\" sizes=\"(max-width: 800px) 100vw, 800px\" \/>\t\t\t\t\t\t\t\t<\/a>\n\t\t\t\t\t\t\t\t\t\t\t\t\t\t\t<\/div>\n\t\t\t\t<\/div>\n\t\t\t\t<\/div>\n\t\t<div class=\"elementor-element elementor-element-ddcfffc e-con-full e-flex e-con e-child\" data-id=\"ddcfffc\" data-element_type=\"container\" data-e-type=\"container\">\n\t\t\t\t<div class=\"elementor-element elementor-element-7d6e4f9 elementor-widget elementor-widget-image\" data-id=\"7d6e4f9\" data-element_type=\"widget\" data-e-type=\"widget\" data-widget_type=\"image.default\">\n\t\t\t\t<div class=\"elementor-widget-container\">\n\t\t\t\t\t\t\t\t\t\t\t\t\t\t\t\t<a href=\"https:\/\/www.goethe.de\/en\/index.html\" target=\"_blank\">\n\t\t\t\t\t\t\t<img loading=\"lazy\" decoding=\"async\" width=\"800\" height=\"374\" src=\"https:\/\/msuv.org\/wp-content\/uploads\/2023\/12\/Logo_Goethe-Institut-1024x479.png\" class=\"attachment-large size-large wp-image-291\" alt=\"Logo_Goethe-Institut\" srcset=\"https:\/\/msuv.org\/wp-content\/uploads\/2023\/12\/Logo_Goethe-Institut-1024x479.png 1024w, https:\/\/msuv.org\/wp-content\/uploads\/2023\/12\/Logo_Goethe-Institut-300x140.png 300w, https:\/\/msuv.org\/wp-content\/uploads\/2023\/12\/Logo_Goethe-Institut-768x359.png 768w, https:\/\/msuv.org\/wp-content\/uploads\/2023\/12\/Logo_Goethe-Institut-1536x719.png 1536w, https:\/\/msuv.org\/wp-content\/uploads\/2023\/12\/Logo_Goethe-Institut-2048x959.png 2048w\" sizes=\"(max-width: 800px) 100vw, 800px\" \/>\t\t\t\t\t\t\t\t<\/a>\n\t\t\t\t\t\t\t\t\t\t\t\t\t\t\t<\/div>\n\t\t\t\t<\/div>\n\t\t\t\t<\/div>\n\t\t<div class=\"elementor-element elementor-element-d75db62 e-con-full e-flex e-con e-child\" data-id=\"d75db62\" data-element_type=\"container\" data-e-type=\"container\">\n\t\t\t\t<div class=\"elementor-element elementor-element-c76cb87 elementor-widget elementor-widget-image\" data-id=\"c76cb87\" data-element_type=\"widget\" data-e-type=\"widget\" data-widget_type=\"image.default\">\n\t\t\t\t<div class=\"elementor-widget-container\">\n\t\t\t\t\t\t\t\t\t\t\t\t\t\t\t\t<a href=\"https:\/\/www.novisad.rs\/\" target=\"_blank\">\n\t\t\t\t\t\t\t<img loading=\"lazy\" decoding=\"async\" width=\"348\" height=\"145\" src=\"https:\/\/msuv.org\/wp-content\/uploads\/2023\/12\/download.png\" class=\"attachment-large size-large wp-image-289\" alt=\"Grad Novi Sad - City of Novi Sad logo\" srcset=\"https:\/\/msuv.org\/wp-content\/uploads\/2023\/12\/download.png 348w, https:\/\/msuv.org\/wp-content\/uploads\/2023\/12\/download-300x125.png 300w\" sizes=\"(max-width: 348px) 100vw, 348px\" \/>\t\t\t\t\t\t\t\t<\/a>\n\t\t\t\t\t\t\t\t\t\t\t\t\t\t\t<\/div>\n\t\t\t\t<\/div>\n\t\t\t\t<\/div>\n\t\t<div class=\"elementor-element elementor-element-6d676b9 e-con-full e-flex e-con e-child\" data-id=\"6d676b9\" data-element_type=\"container\" data-e-type=\"container\">\n\t\t\t\t<div class=\"elementor-element elementor-element-61bbd5a elementor-widget elementor-widget-image\" data-id=\"61bbd5a\" data-element_type=\"widget\" data-e-type=\"widget\" data-widget_type=\"image.default\">\n\t\t\t\t<div class=\"elementor-widget-container\">\n\t\t\t\t\t\t\t\t\t\t\t\t\t\t\t<img fetchpriority=\"high\" decoding=\"async\" width=\"697\" height=\"145\" src=\"https:\/\/msuv.org\/wp-content\/uploads\/2023\/12\/podrska.png\" class=\"attachment-large size-large wp-image-284\" alt=\"republika srbija, autonomna pokrajina vojvodina - pokrajinska vlada\" srcset=\"https:\/\/msuv.org\/wp-content\/uploads\/2023\/12\/podrska.png 697w, https:\/\/msuv.org\/wp-content\/uploads\/2023\/12\/podrska-300x62.png 300w\" sizes=\"(max-width: 697px) 100vw, 697px\" \/>\t\t\t\t\t\t\t\t\t\t\t\t\t\t\t<\/div>\n\t\t\t\t<\/div>\n\t\t\t\t<\/div>\n\t\t\t\t<\/div>\n\t\t\t\t<\/div>\n\t\t\t\t<\/div>\n\t\t","protected":false},"excerpt":{"rendered":"<p>Osniva\u010d, pokrovitelji i podr\u0161ka muzeja savremene umetnosti Vojvodine.<\/p>","protected":false},"author":1,"featured_media":3747,"parent":0,"menu_order":0,"comment_status":"closed","ping_status":"closed","template":"elementor_header_footer","meta":{"footnotes":""},"class_list":["post-269","page","type-page","status-publish","has-post-thumbnail","hentry"],"yoast_head":"<!-- This site is optimized with the Yoast SEO plugin v27.3 - https:\/\/yoast.com\/product\/yoast-seo-wordpress\/ -->\n<title>Podr\u0161ka - Muzej savremene umetnosti Vojvodine<\/title>\n<meta name=\"robots\" content=\"index, follow, max-snippet:-1, max-image-preview:large, max-video-preview:-1\" \/>\n<link rel=\"canonical\" href=\"https:\/\/msuv.org\/en\/podrska\/\" \/>\n<meta property=\"og:locale\" content=\"en_US\" \/>\n<meta property=\"og:type\" content=\"article\" \/>\n<meta property=\"og:title\" content=\"Podr\u0161ka - Muzej savremene umetnosti Vojvodine\" \/>\n<meta property=\"og:description\" content=\"Osniva\u010d, pokrovitelji i podr\u0161ka muzeja savremene umetnosti Vojvodine.\" \/>\n<meta property=\"og:url\" content=\"https:\/\/msuv.org\/en\/podrska\/\" \/>\n<meta property=\"og:site_name\" content=\"Muzej savremene umetnosti Vojvodine\" \/>\n<meta property=\"article:modified_time\" content=\"2024-04-16T09:30:53+00:00\" \/>\n<meta property=\"og:image\" content=\"https:\/\/msuv.org\/wp-content\/uploads\/2024\/02\/muzej-slika-dron.jpg\" \/>\n\t<meta property=\"og:image:width\" content=\"1400\" \/>\n\t<meta property=\"og:image:height\" content=\"700\" \/>\n\t<meta property=\"og:image:type\" content=\"image\/jpeg\" \/>\n<meta name=\"twitter:card\" content=\"summary_large_image\" \/>\n<meta name=\"twitter:label1\" content=\"Est. reading time\" \/>\n\t<meta name=\"twitter:data1\" content=\"2 minutes\" \/>\n<script type=\"application\/ld+json\" class=\"yoast-schema-graph\">{\"@context\":\"https:\\\/\\\/schema.org\",\"@graph\":[{\"@type\":\"WebPage\",\"@id\":\"https:\\\/\\\/msuv.org\\\/podrska\\\/\",\"url\":\"https:\\\/\\\/msuv.org\\\/podrska\\\/\",\"name\":\"Podr\u0161ka - Muzej savremene umetnosti Vojvodine\",\"isPartOf\":{\"@id\":\"https:\\\/\\\/msuv.org\\\/#website\"},\"primaryImageOfPage\":{\"@id\":\"https:\\\/\\\/msuv.org\\\/podrska\\\/#primaryimage\"},\"image\":{\"@id\":\"https:\\\/\\\/msuv.org\\\/podrska\\\/#primaryimage\"},\"thumbnailUrl\":\"https:\\\/\\\/msuv.org\\\/wp-content\\\/uploads\\\/2024\\\/02\\\/muzej-slika-dron.jpg\",\"datePublished\":\"2023-12-11T03:23:42+00:00\",\"dateModified\":\"2024-04-16T09:30:53+00:00\",\"breadcrumb\":{\"@id\":\"https:\\\/\\\/msuv.org\\\/podrska\\\/#breadcrumb\"},\"inLanguage\":\"en-US\",\"potentialAction\":[{\"@type\":\"ReadAction\",\"target\":[\"https:\\\/\\\/msuv.org\\\/podrska\\\/\"]}]},{\"@type\":\"ImageObject\",\"inLanguage\":\"en-US\",\"@id\":\"https:\\\/\\\/msuv.org\\\/podrska\\\/#primaryimage\",\"url\":\"https:\\\/\\\/msuv.org\\\/wp-content\\\/uploads\\\/2024\\\/02\\\/muzej-slika-dron.jpg\",\"contentUrl\":\"https:\\\/\\\/msuv.org\\\/wp-content\\\/uploads\\\/2024\\\/02\\\/muzej-slika-dron.jpg\",\"width\":1400,\"height\":700,\"caption\":\"Museum of contemporary arts of Vojvodina\"},{\"@type\":\"BreadcrumbList\",\"@id\":\"https:\\\/\\\/msuv.org\\\/podrska\\\/#breadcrumb\",\"itemListElement\":[{\"@type\":\"ListItem\",\"position\":1,\"name\":\"Home\",\"item\":\"https:\\\/\\\/msuv.org\\\/\"},{\"@type\":\"ListItem\",\"position\":2,\"name\":\"Podr\u0161ka\"}]},{\"@type\":\"WebSite\",\"@id\":\"https:\\\/\\\/msuv.org\\\/#website\",\"url\":\"https:\\\/\\\/msuv.org\\\/\",\"name\":\"Muzej savremene umetnosti Vojvodine\",\"description\":\"\",\"publisher\":{\"@id\":\"https:\\\/\\\/msuv.org\\\/#organization\"},\"potentialAction\":[{\"@type\":\"SearchAction\",\"target\":{\"@type\":\"EntryPoint\",\"urlTemplate\":\"https:\\\/\\\/msuv.org\\\/?s={search_term_string}\"},\"query-input\":{\"@type\":\"PropertyValueSpecification\",\"valueRequired\":true,\"valueName\":\"search_term_string\"}}],\"inLanguage\":\"en-US\"},{\"@type\":\"Organization\",\"@id\":\"https:\\\/\\\/msuv.org\\\/#organization\",\"name\":\"Muzej savremene umetnosti Vojvodine\",\"url\":\"https:\\\/\\\/msuv.org\\\/\",\"logo\":{\"@type\":\"ImageObject\",\"inLanguage\":\"en-US\",\"@id\":\"https:\\\/\\\/msuv.org\\\/#\\\/schema\\\/logo\\\/image\\\/\",\"url\":\"https:\\\/\\\/msuv.org\\\/wp-content\\\/uploads\\\/2023\\\/11\\\/srpski-logo.png\",\"contentUrl\":\"https:\\\/\\\/msuv.org\\\/wp-content\\\/uploads\\\/2023\\\/11\\\/srpski-logo.png\",\"width\":872,\"height\":117,\"caption\":\"Muzej savremene umetnosti Vojvodine\"},\"image\":{\"@id\":\"https:\\\/\\\/msuv.org\\\/#\\\/schema\\\/logo\\\/image\\\/\"}}]}<\/script>\n<!-- \/ Yoast SEO plugin. -->","yoast_head_json":{"title":"Podr\u0161ka - Muzej savremene umetnosti Vojvodine","robots":{"index":"index","follow":"follow","max-snippet":"max-snippet:-1","max-image-preview":"max-image-preview:large","max-video-preview":"max-video-preview:-1"},"canonical":"https:\/\/msuv.org\/en\/podrska\/","og_locale":"en_US","og_type":"article","og_title":"Podr\u0161ka - Muzej savremene umetnosti Vojvodine","og_description":"Osniva\u010d, pokrovitelji i podr\u0161ka muzeja savremene umetnosti Vojvodine.","og_url":"https:\/\/msuv.org\/en\/podrska\/","og_site_name":"Muzej savremene umetnosti Vojvodine","article_modified_time":"2024-04-16T09:30:53+00:00","og_image":[{"width":1400,"height":700,"url":"https:\/\/msuv.org\/wp-content\/uploads\/2024\/02\/muzej-slika-dron.jpg","type":"image\/jpeg"}],"twitter_card":"summary_large_image","twitter_misc":{"Est. reading time":"2 minutes"},"schema":{"@context":"https:\/\/schema.org","@graph":[{"@type":"WebPage","@id":"https:\/\/msuv.org\/podrska\/","url":"https:\/\/msuv.org\/podrska\/","name":"Podr\u0161ka - Muzej savremene umetnosti Vojvodine","isPartOf":{"@id":"https:\/\/msuv.org\/#website"},"primaryImageOfPage":{"@id":"https:\/\/msuv.org\/podrska\/#primaryimage"},"image":{"@id":"https:\/\/msuv.org\/podrska\/#primaryimage"},"thumbnailUrl":"https:\/\/msuv.org\/wp-content\/uploads\/2024\/02\/muzej-slika-dron.jpg","datePublished":"2023-12-11T03:23:42+00:00","dateModified":"2024-04-16T09:30:53+00:00","breadcrumb":{"@id":"https:\/\/msuv.org\/podrska\/#breadcrumb"},"inLanguage":"en-US","potentialAction":[{"@type":"ReadAction","target":["https:\/\/msuv.org\/podrska\/"]}]},{"@type":"ImageObject","inLanguage":"en-US","@id":"https:\/\/msuv.org\/podrska\/#primaryimage","url":"https:\/\/msuv.org\/wp-content\/uploads\/2024\/02\/muzej-slika-dron.jpg","contentUrl":"https:\/\/msuv.org\/wp-content\/uploads\/2024\/02\/muzej-slika-dron.jpg","width":1400,"height":700,"caption":"Museum of contemporary arts of Vojvodina"},{"@type":"BreadcrumbList","@id":"https:\/\/msuv.org\/podrska\/#breadcrumb","itemListElement":[{"@type":"ListItem","position":1,"name":"Home","item":"https:\/\/msuv.org\/"},{"@type":"ListItem","position":2,"name":"Podr\u0161ka"}]},{"@type":"WebSite","@id":"https:\/\/msuv.org\/#website","url":"https:\/\/msuv.org\/","name":"Muzej savremene umetnosti Vojvodine","description":"","publisher":{"@id":"https:\/\/msuv.org\/#organization"},"potentialAction":[{"@type":"SearchAction","target":{"@type":"EntryPoint","urlTemplate":"https:\/\/msuv.org\/?s={search_term_string}"},"query-input":{"@type":"PropertyValueSpecification","valueRequired":true,"valueName":"search_term_string"}}],"inLanguage":"en-US"},{"@type":"Organization","@id":"https:\/\/msuv.org\/#organization","name":"Muzej savremene umetnosti Vojvodine","url":"https:\/\/msuv.org\/","logo":{"@type":"ImageObject","inLanguage":"en-US","@id":"https:\/\/msuv.org\/#\/schema\/logo\/image\/","url":"https:\/\/msuv.org\/wp-content\/uploads\/2023\/11\/srpski-logo.png","contentUrl":"https:\/\/msuv.org\/wp-content\/uploads\/2023\/11\/srpski-logo.png","width":872,"height":117,"caption":"Muzej savremene umetnosti Vojvodine"},"image":{"@id":"https:\/\/msuv.org\/#\/schema\/logo\/image\/"}}]}},"_links":{"self":[{"href":"https:\/\/msuv.org\/en\/wp-json\/wp\/v2\/pages\/269","targetHints":{"allow":["GET"]}}],"collection":[{"href":"https:\/\/msuv.org\/en\/wp-json\/wp\/v2\/pages"}],"about":[{"href":"https:\/\/msuv.org\/en\/wp-json\/wp\/v2\/types\/page"}],"author":[{"embeddable":true,"href":"https:\/\/msuv.org\/en\/wp-json\/wp\/v2\/users\/1"}],"replies":[{"embeddable":true,"href":"https:\/\/msuv.org\/en\/wp-json\/wp\/v2\/comments?post=269"}],"version-history":[{"count":113,"href":"https:\/\/msuv.org\/en\/wp-json\/wp\/v2\/pages\/269\/revisions"}],"predecessor-version":[{"id":5892,"href":"https:\/\/msuv.org\/en\/wp-json\/wp\/v2\/pages\/269\/revisions\/5892"}],"wp:featuredmedia":[{"embeddable":true,"href":"https:\/\/msuv.org\/en\/wp-json\/wp\/v2\/media\/3747"}],"wp:attachment":[{"href":"https:\/\/msuv.org\/en\/wp-json\/wp\/v2\/media?parent=269"}],"curies":[{"name":"wp","href":"https:\/\/api.w.org\/{rel}","templated":true}]}}